{"id":139,"date":"2023-03-17T11:34:32","date_gmt":"2023-03-17T14:34:32","guid":{"rendered":"http:\/\/www.especialistasenviolencia.com.ar\/?page_id=139"},"modified":"2023-03-17T11:35:44","modified_gmt":"2023-03-17T14:35:44","slug":"documentos-sobre-los-dispositivos-de-varones","status":"publish","type":"page","link":"https:\/\/www.especialistasenviolencia.com.ar\/?page_id=139","title":{"rendered":"Los dispositivos de varones"},"content":{"rendered":"\t\t<div data-elementor-type=\"wp-page\" data-elementor-id=\"139\" class=\"elementor elementor-139\">\n\t\t\t\t\t\t\t\t\t<section class=\"elementor-section elementor-top-section elementor-element elementor-element-719de3d elementor-section-boxed elementor-section-height-default elementor-section-height-default\" data-id=\"719de3d\" data-element_type=\"section\">\n\t\t\t\t\t\t<div class=\"elementor-container elementor-column-gap-default\">\n\t\t\t\t\t<div class=\"elementor-column elementor-col-100 elementor-top-column elementor-element elementor-element-eb6200b\" data-id=\"eb6200b\" data-element_type=\"column\">\n\t\t\t<div class=\"elementor-widget-wrap elementor-element-populated\">\n\t\t\t\t\t\t\t\t<div class=\"elementor-element elementor-element-e359227 elementor-widget elementor-widget-image\" data-id=\"e359227\" data-element_type=\"widget\" data-widget_type=\"image.default\">\n\t\t\t\t<div class=\"elementor-widget-container\">\n\t\t\t<style>\/*! elementor - v3.11.5 - 14-03-2023 *\/\n.elementor-widget-image{text-align:center}.elementor-widget-image a{display:inline-block}.elementor-widget-image a img[src$=\".svg\"]{width:48px}.elementor-widget-image img{vertical-align:middle;display:inline-block}<\/style>\t\t\t\t\t\t\t\t\t\t\t\t<img loading=\"lazy\" decoding=\"async\" width=\"300\" height=\"300\" src=\"https:\/\/www.especialistasenviolencia.com.ar\/wp-content\/uploads\/2023\/03\/MasculinidadDivinoTesoro-300x300.jpeg\" class=\"attachment-medium size-medium wp-image-140\" alt=\"\" srcset=\"https:\/\/www.especialistasenviolencia.com.ar\/wp-content\/uploads\/2023\/03\/MasculinidadDivinoTesoro-300x300.jpeg 300w, https:\/\/www.especialistasenviolencia.com.ar\/wp-content\/uploads\/2023\/03\/MasculinidadDivinoTesoro-150x150.jpeg 150w, https:\/\/www.especialistasenviolencia.com.ar\/wp-content\/uploads\/2023\/03\/MasculinidadDivinoTesoro-230x230.jpeg 230w, https:\/\/www.especialistasenviolencia.com.ar\/wp-content\/uploads\/2023\/03\/MasculinidadDivinoTesoro-350x350.jpeg 350w, https:\/\/www.especialistasenviolencia.com.ar\/wp-content\/uploads\/2023\/03\/MasculinidadDivinoTesoro-480x480.jpeg 480w, https:\/\/www.especialistasenviolencia.com.ar\/wp-content\/uploads\/2023\/03\/MasculinidadDivinoTesoro.jpeg 512w\" sizes=\"(max-width: 300px) 100vw, 300px\" \/>\t\t\t\t\t\t\t\t\t\t\t\t\t\t\t<\/div>\n\t\t\t\t<\/div>\n\t\t\t\t\t<\/div>\n\t\t<\/div>\n\t\t\t\t\t\t\t<\/div>\n\t\t<\/section>\n\t\t\t\t<section class=\"elementor-section elementor-top-section elementor-element elementor-element-78861c7 elementor-section-boxed elementor-section-height-default elementor-section-height-default\" data-id=\"78861c7\" data-element_type=\"section\">\n\t\t\t\t\t\t<div class=\"elementor-container elementor-column-gap-default\">\n\t\t\t\t\t<div class=\"elementor-column elementor-col-100 elementor-top-column elementor-element elementor-element-e205d62\" data-id=\"e205d62\" data-element_type=\"column\">\n\t\t\t<div class=\"elementor-widget-wrap elementor-element-populated\">\n\t\t\t\t\t\t\t\t<div class=\"elementor-element elementor-element-e190d3e elementor-widget elementor-widget-text-editor\" data-id=\"e190d3e\" data-element_type=\"widget\" data-widget_type=\"text-editor.default\">\n\t\t\t\t<div class=\"elementor-widget-container\">\n\t\t\t<style>\/*! elementor - v3.11.5 - 14-03-2023 *\/\n.elementor-widget-text-editor.elementor-drop-cap-view-stacked .elementor-drop-cap{background-color:#818a91;color:#fff}.elementor-widget-text-editor.elementor-drop-cap-view-framed .elementor-drop-cap{color:#818a91;border:3px solid;background-color:transparent}.elementor-widget-text-editor:not(.elementor-drop-cap-view-default) .elementor-drop-cap{margin-top:8px}.elementor-widget-text-editor:not(.elementor-drop-cap-view-default) .elementor-drop-cap-letter{width:1em;height:1em}.elementor-widget-text-editor .elementor-drop-cap{float:left;text-align:center;line-height:1;font-size:50px}.elementor-widget-text-editor .elementor-drop-cap-letter{display:inline-block}<\/style>\t\t\t\t<h4><a href=\"https:\/\/www.marianoacciardi.com.ar\/textos_psicoanalisis\/MasculinidadPesadaMochilaRecortado_TextoyAbstract.pdf\">La masculinidad como una pesada mochila llena de instrumentos de tortura(2022).<\/a><\/h4>\n<p align=\"left\">(libro <a href=\"https:\/\/aasm2022.com\/es\/content\/libro_de_congreso\">\u00abAmor y deseo, Cl\u00ednica y pol\u00edtica de la diversidad en Salud Mental\u00bb<\/a>) <br><\/p><p align=\"left\">Conductas aparentemente normales, legitimadas&nbsp; devastaci\u00f3n \nps\u00edquica a consecuencia del tiempo en que una mujer o &#8220;sujetidad &#8221;\nfeminizada es sometida al ciclo de la violencia.<br>\nSe explicitan conductas que constituyen verdaderos instrumentos de \ntortura de imposici\u00f3n de la asimetr\u00eda de poder y el sometimiento. Sin \nquitar gravedad ni justificar lo anterior, se describe la pesada mochila\n que constituye para la persona autopercibida var\u00f3n el peso de la \nmasculinidad. Se desarrollan estrategias de intervenci\u00f3n con vistas al \ndestejido de la las tramas de la masculinidad que se encuentran en su \nbase.<\/p>\n<p>&nbsp;<\/p>\n<h4><a href=\"https:\/\/www.marianoacciardi.com.ar\/textos_psicoanalisis\/DestejiendoLaMasculinidadAPSA2022.pdf\"><span style=\"font-family: Arial, serif;\">Transdisciplina, complejidad y g\u00e9nero en las intervenciones grupales con hombres que ejercen violencia mis\u00f3gina (2022)<\/span><\/a><a href=\"https:\/\/www.marianoacciardi.com.ar\/textos_psicoanalisis\/DestejiendoLaMasculinidadAPSA2022.pdf\"><span style=\"font-family: Arial, serif;\">.<\/span><\/a><\/h4>\n<p align=\"left\">(XXXV Congreso de Psiquiatr\u00eda APSA). <br><\/p><p align=\"left\">Partiendo de las experiencias realizadas en el seno del \ndispositivo municipal de Campana \u201cDestejiendo la Masculinidad\u201d a lo \nlargo de tres a\u00f1os, este trabajo da cuenta de algunos fundamentos \nte\u00f3rico-pr\u00e1cticos que avalan la utilizaci\u00f3n de dispositivos \npsico-socio-educativos para la protecci\u00f3n integral de las mujeres y \notras sujetidades feminizadas. La intersecci\u00f3n entre modelos tales como \nde \u201cciclo de la violencia\u201d (Walker), el \u201cecol\u00f3gico\u201d (Bronfenbrenner), el\n \u201cperfil del golpeador\u201d (Dutton &amp; Golant), y el paradigma del curso \nde la vida, brindan instrumentos pr\u00e1cticos, interdisciplinarios y \nsumamente \u00fatiles para el dise\u00f1o de las estrategias de intervenci\u00f3n.<\/p>\n<h4><b><a href=\"https:\/\/www.marianoacciardi.com.ar\/textos_psicoanalisis\/EdipoEnColoniaPagina.pdf\">Edipo\n en Colonia: Algunas consideraciones desde las epistemolog\u00edas cr\u00edticas \nfeministas respecto de categor\u00edas te\u00f3ricas del psicoan\u00e1lisis (2021). <\/a>&nbsp;&nbsp; <a href=\"https:\/\/www.marianoacciardi.com.ar\/textos_psicoanalisis\/EdipoEnColonia_ppt.pdf\">Filminas auxiliares<\/a>.<\/b><\/h4>\n<p>(libro del XIV Congreso Argentino\n de Salud mental 2021). <br><\/p><p>Los feminismos latinoamericanos, tomando \naportes de los feminismos negros, lesbianos y de la teor\u00eda queer \nrealizan una aproximaci\u00f3n cr\u00edtica a las categor\u00edas naturalizadas de la \nmodernidad, muchas de las cuales legitiman ciertas violencias, muy \nespecialmente las violencias de g\u00e9nero. El psicoan\u00e1lisis contempor\u00e1neo a\u00fan no ha \nreflexionado lo suficiente respecto de las consecuencias de una \naproximaci\u00f3n cr\u00edtica a categor\u00edas naturalizadas, cuya validez \naxiom\u00e1tica, de fuerte raigambre biopol\u00edtica, organizan su teor\u00eda y su \npr\u00e1ctica: Las oposiciones femenino\/masculino, actividad\/pasividad, \nfunci\u00f3n paterna\/materna, la concepci\u00f3n heterosexista y dual de la \n\u201cpareja\u201d, la familia, la sexuaci\u00f3n como dispositivo simb\u00f3lico binario, \nlas relaciones entre cuerpo, amor y sexuaci\u00f3n entre otras.<\/p><p><\/p>\t\t\t\t\t\t<\/div>\n\t\t\t\t<\/div>\n\t\t\t\t\t<\/div>\n\t\t<\/div>\n\t\t\t\t\t\t\t<\/div>\n\t\t<\/section>\n\t\t\t\t\t\t\t<\/div>\n\t\t","protected":false},"excerpt":{"rendered":"<p>La masculinidad como una pesada mochila llena de instrumentos de tortura(2022). (libro \u00abAmor y deseo, Cl\u00ednica y pol\u00edtica de la diversidad en [&hellip;]<\/p>\n","protected":false},"author":1,"featured_media":0,"parent":0,"menu_order":0,"comment_status":"closed","ping_status":"closed","template":"","meta":{"footnotes":""},"class_list":["post-139","page","type-page","status-publish","hentry"],"_links":{"self":[{"href":"https:\/\/www.especialistasenviolencia.com.ar\/index.php?rest_route=\/wp\/v2\/pages\/139"}],"collection":[{"href":"https:\/\/www.especialistasenviolencia.com.ar\/index.php?rest_route=\/wp\/v2\/pages"}],"about":[{"href":"https:\/\/www.especialistasenviolencia.com.ar\/index.php?rest_route=\/wp\/v2\/types\/page"}],"author":[{"embeddable":true,"href":"https:\/\/www.especialistasenviolencia.com.ar\/index.php?rest_route=\/wp\/v2\/users\/1"}],"replies":[{"embeddable":true,"href":"https:\/\/www.especialistasenviolencia.com.ar\/index.php?rest_route=%2Fwp%2Fv2%2Fcomments&post=139"}],"version-history":[{"count":4,"href":"https:\/\/www.especialistasenviolencia.com.ar\/index.php?rest_route=\/wp\/v2\/pages\/139\/revisions"}],"predecessor-version":[{"id":144,"href":"https:\/\/www.especialistasenviolencia.com.ar\/index.php?rest_route=\/wp\/v2\/pages\/139\/revisions\/144"}],"wp:attachment":[{"href":"https:\/\/www.especialistasenviolencia.com.ar\/index.php?rest_route=%2Fwp%2Fv2%2Fmedia&parent=139"}],"curies":[{"name":"wp","href":"https:\/\/api.w.org\/{rel}","templated":true}]}}